{"id":155,"date":"2024-07-08T14:32:50","date_gmt":"2024-07-08T17:32:50","guid":{"rendered":"https:\/\/grupoehid.com.br\/?page_id=155"},"modified":"2024-07-08T14:40:29","modified_gmt":"2024-07-08T17:40:29","slug":"blocos-cadernos-e-afins","status":"publish","type":"page","link":"https:\/\/grupoehid.com.br\/?page_id=155","title":{"rendered":"Blocos Cadernos e Afins"},"content":{"rendered":"\t\t<div data-elementor-type=\"wp-page\" data-elementor-id=\"155\" class=\"elementor elementor-155\">\n\t\t\t\t\t\t\t<div class=\"elementor-element elementor-element-53b4b5b e-flex e-con-boxed e-con e-parent\" data-id=\"53b4b5b\" data-element_type=\"container\" data-settings=\"{&quot;content_width&quot;:&quot;boxed&quot;}\" data-core-v316-plus=\"true\">\n\t\t\t\t\t<div class=\"e-con-inner\">\n\t\t\t\t<div class=\"elementor-element elementor-element-85b92e9 elementor-widget elementor-widget-heading\" data-id=\"85b92e9\" data-element_type=\"widget\" data-widget_type=\"heading.default\">\n\t\t\t\t<div class=\"elementor-widget-container\">\n\t\t\t<style>\/*! elementor - v3.18.0 - 20-12-2023 *\/\n.elementor-heading-title{padding:0;margin:0;line-height:1}.elementor-widget-heading .elementor-heading-title[class*=elementor-size-]>a{color:inherit;font-size:inherit;line-height:inherit}.elementor-widget-heading .elementor-heading-title.elementor-size-small{font-size:15px}.elementor-widget-heading .elementor-heading-title.elementor-size-medium{font-size:19px}.elementor-widget-heading .elementor-heading-title.elementor-size-large{font-size:29px}.elementor-widget-heading .elementor-heading-title.elementor-size-xl{font-size:39px}.elementor-widget-heading .elementor-heading-title.elementor-size-xxl{font-size:59px}<\/style><h2 class=\"elementor-heading-title elementor-size-default\">Blocos, Cadernos e Afins<\/h2>\t\t<\/div>\n\t\t\t\t<\/div>\n\t\t\t\t\t<\/div>\n\t\t\t\t<\/div>\n\t\t<div class=\"elementor-element elementor-element-ae4b956 e-flex e-con-boxed e-con e-parent\" data-id=\"ae4b956\" data-element_type=\"container\" data-settings=\"{&quot;content_width&quot;:&quot;boxed&quot;}\" data-core-v316-plus=\"true\">\n\t\t\t\t\t<div class=\"e-con-inner\">\n\t\t\t\t<div class=\"elementor-element elementor-element-1d87bc2 elementor-widget elementor-widget-text-editor\" data-id=\"1d87bc2\" data-element_type=\"widget\" data-widget_type=\"text-editor.default\">\n\t\t\t\t<div class=\"elementor-widget-container\">\n\t\t\t<style>\/*! elementor - v3.18.0 - 20-12-2023 *\/\n.elementor-widget-text-editor.elementor-drop-cap-view-stacked .elementor-drop-cap{background-color:#69727d;color:#fff}.elementor-widget-text-editor.elementor-drop-cap-view-framed .elementor-drop-cap{color:#69727d;border:3px solid;background-color:transparent}.elementor-widget-text-editor:not(.elementor-drop-cap-view-default) .elementor-drop-cap{margin-top:8px}.elementor-widget-text-editor:not(.elementor-drop-cap-view-default) .elementor-drop-cap-letter{width:1em;height:1em}.elementor-widget-text-editor .elementor-drop-cap{float:left;text-align:center;line-height:1;font-size:50px}.elementor-widget-text-editor .elementor-drop-cap-letter{display:inline-block}<\/style>\t\t\t\t<p>Todos os valores apresentados s\u00e3o unit\u00e1rios de acordo com a quantidade escolhida.<\/p><p>Produtos sujeitos a disponibilidade em estoque.<\/p><p>Pre\u00e7os podem sofrer altera\u00e7\u00f5es sem pr\u00e9vio aviso.<\/p>\t\t\t\t\t\t<\/div>\n\t\t\t\t<\/div>\n\t\t\t\t\t<\/div>\n\t\t\t\t<\/div>\n\t\t<div class=\"elementor-element elementor-element-5172deb e-flex e-con-boxed e-con e-parent\" data-id=\"5172deb\" data-element_type=\"container\" data-settings=\"{&quot;content_width&quot;:&quot;boxed&quot;}\" data-core-v316-plus=\"true\">\n\t\t\t\t\t<div class=\"e-con-inner\">\n\t\t\t\t<div class=\"elementor-element elementor-element-c38ce70 elementor-widget-mobile__width-inherit elementor-widget elementor-widget-image-gallery\" data-id=\"c38ce70\" data-element_type=\"widget\" data-widget_type=\"image-gallery.default\">\n\t\t\t\t<div class=\"elementor-widget-container\">\n\t\t\t<style>\/*! elementor - v3.18.0 - 20-12-2023 *\/\n.elementor-image-gallery .gallery-item{display:inline-block;text-align:center;vertical-align:top;width:100%;max-width:100%;margin:0 auto}.elementor-image-gallery .gallery-item img{margin:0 auto}.elementor-image-gallery .gallery-item .gallery-caption{margin:0}.elementor-image-gallery figure img{display:block}.elementor-image-gallery figure figcaption{width:100%}.gallery-spacing-custom .elementor-image-gallery .gallery-icon{padding:0}@media (min-width:768px){.elementor-image-gallery .gallery-columns-2 .gallery-item{max-width:50%}.elementor-image-gallery .gallery-columns-3 .gallery-item{max-width:33.33%}.elementor-image-gallery .gallery-columns-4 .gallery-item{max-width:25%}.elementor-image-gallery .gallery-columns-5 .gallery-item{max-width:20%}.elementor-image-gallery .gallery-columns-6 .gallery-item{max-width:16.666%}.elementor-image-gallery .gallery-columns-7 .gallery-item{max-width:14.28%}.elementor-image-gallery .gallery-columns-8 .gallery-item{max-width:12.5%}.elementor-image-gallery .gallery-columns-9 .gallery-item{max-width:11.11%}.elementor-image-gallery .gallery-columns-10 .gallery-item{max-width:10%}}@media (min-width:480px) and (max-width:767px){.elementor-image-gallery .gallery.gallery-columns-2 .gallery-item,.elementor-image-gallery .gallery.gallery-columns-3 .gallery-item,.elementor-image-gallery .gallery.gallery-columns-4 .gallery-item,.elementor-image-gallery .gallery.gallery-columns-5 .gallery-item,.elementor-image-gallery .gallery.gallery-columns-6 .gallery-item,.elementor-image-gallery .gallery.gallery-columns-7 .gallery-item,.elementor-image-gallery .gallery.gallery-columns-8 .gallery-item,.elementor-image-gallery .gallery.gallery-columns-9 .gallery-item,.elementor-image-gallery .gallery.gallery-columns-10 .gallery-item{max-width:50%}}@media (max-width:479px){.elementor-image-gallery .gallery.gallery-columns-2 .gallery-item,.elementor-image-gallery .gallery.gallery-columns-3 .gallery-item,.elementor-image-gallery .gallery.gallery-columns-4 .gallery-item,.elementor-image-gallery .gallery.gallery-columns-5 .gallery-item,.elementor-image-gallery .gallery.gallery-columns-6 .gallery-item,.elementor-image-gallery .gallery.gallery-columns-7 .gallery-item,.elementor-image-gallery .gallery.gallery-columns-8 .gallery-item,.elementor-image-gallery .gallery.gallery-columns-9 .gallery-item,.elementor-image-gallery .gallery.gallery-columns-10 .gallery-item{max-width:100%}}<\/style>\t\t<div class=\"elementor-image-gallery\">\n\t\t\t<div id='gallery-1' class='gallery galleryid-155 gallery-columns-2 gallery-size-large'><figure class='gallery-item'>\n\t\t\t<div class='gallery-icon landscape'>\n\t\t\t\t<img fetchpriority=\"high\" decoding=\"async\" width=\"800\" height=\"800\" src=\"https:\/\/grupoehid.com.br\/wp-content\/uploads\/2024\/07\/Bloco-S93461-1024x1024.jpg\" class=\"attachment-large size-large\" alt=\"\" srcset=\"https:\/\/grupoehid.com.br\/wp-content\/uploads\/2024\/07\/Bloco-S93461-1024x1024.jpg 1024w, https:\/\/grupoehid.com.br\/wp-content\/uploads\/2024\/07\/Bloco-S93461-300x300.jpg 300w, https:\/\/grupoehid.com.br\/wp-content\/uploads\/2024\/07\/Bloco-S93461-150x150.jpg 150w, https:\/\/grupoehid.com.br\/wp-content\/uploads\/2024\/07\/Bloco-S93461-768x768.jpg 768w, https:\/\/grupoehid.com.br\/wp-content\/uploads\/2024\/07\/Bloco-S93461-1536x1536.jpg 1536w, https:\/\/grupoehid.com.br\/wp-content\/uploads\/2024\/07\/Bloco-S93461-2048x2048.jpg 2048w\" sizes=\"(max-width: 800px) 100vw, 800px\" \/>\n\t\t\t<\/div><\/figure><figure class='gallery-item'>\n\t\t\t<div class='gallery-icon landscape'>\n\t\t\t\t<img decoding=\"async\" width=\"800\" height=\"800\" src=\"https:\/\/grupoehid.com.br\/wp-content\/uploads\/2024\/07\/Caderneta-X03024-1024x1024.jpg\" class=\"attachment-large size-large\" alt=\"\" srcset=\"https:\/\/grupoehid.com.br\/wp-content\/uploads\/2024\/07\/Caderneta-X03024-1024x1024.jpg 1024w, https:\/\/grupoehid.com.br\/wp-content\/uploads\/2024\/07\/Caderneta-X03024-300x300.jpg 300w, https:\/\/grupoehid.com.br\/wp-content\/uploads\/2024\/07\/Caderneta-X03024-150x150.jpg 150w, https:\/\/grupoehid.com.br\/wp-content\/uploads\/2024\/07\/Caderneta-X03024-768x768.jpg 768w, https:\/\/grupoehid.com.br\/wp-content\/uploads\/2024\/07\/Caderneta-X03024-1536x1536.jpg 1536w, https:\/\/grupoehid.com.br\/wp-content\/uploads\/2024\/07\/Caderneta-X03024-2048x2048.jpg 2048w\" sizes=\"(max-width: 800px) 100vw, 800px\" \/>\n\t\t\t<\/div><\/figure><figure class='gallery-item'>\n\t\t\t<div class='gallery-icon landscape'>\n\t\t\t\t<img decoding=\"async\" width=\"800\" height=\"800\" src=\"https:\/\/grupoehid.com.br\/wp-content\/uploads\/2024\/07\/Bloco-S93791-1024x1024.jpg\" class=\"attachment-large size-large\" alt=\"\" srcset=\"https:\/\/grupoehid.com.br\/wp-content\/uploads\/2024\/07\/Bloco-S93791-1024x1024.jpg 1024w, https:\/\/grupoehid.com.br\/wp-content\/uploads\/2024\/07\/Bloco-S93791-300x300.jpg 300w, https:\/\/grupoehid.com.br\/wp-content\/uploads\/2024\/07\/Bloco-S93791-150x150.jpg 150w, https:\/\/grupoehid.com.br\/wp-content\/uploads\/2024\/07\/Bloco-S93791-768x768.jpg 768w, https:\/\/grupoehid.com.br\/wp-content\/uploads\/2024\/07\/Bloco-S93791-1536x1536.jpg 1536w, https:\/\/grupoehid.com.br\/wp-content\/uploads\/2024\/07\/Bloco-S93791-2048x2048.jpg 2048w\" sizes=\"(max-width: 800px) 100vw, 800px\" \/>\n\t\t\t<\/div><\/figure><figure class='gallery-item'>\n\t\t\t<div class='gallery-icon landscape'>\n\t\t\t\t<img loading=\"lazy\" decoding=\"async\" width=\"800\" height=\"800\" src=\"https:\/\/grupoehid.com.br\/wp-content\/uploads\/2024\/07\/Caderneta-X03013-1024x1024.jpg\" class=\"attachment-large size-large\" alt=\"\" srcset=\"https:\/\/grupoehid.com.br\/wp-content\/uploads\/2024\/07\/Caderneta-X03013-1024x1024.jpg 1024w, https:\/\/grupoehid.com.br\/wp-content\/uploads\/2024\/07\/Caderneta-X03013-300x300.jpg 300w, https:\/\/grupoehid.com.br\/wp-content\/uploads\/2024\/07\/Caderneta-X03013-150x150.jpg 150w, https:\/\/grupoehid.com.br\/wp-content\/uploads\/2024\/07\/Caderneta-X03013-768x768.jpg 768w, https:\/\/grupoehid.com.br\/wp-content\/uploads\/2024\/07\/Caderneta-X03013-1536x1536.jpg 1536w, https:\/\/grupoehid.com.br\/wp-content\/uploads\/2024\/07\/Caderneta-X03013-2048x2048.jpg 2048w\" sizes=\"(max-width: 800px) 100vw, 800px\" \/>\n\t\t\t<\/div><\/figure><figure class='gallery-item'>\n\t\t\t<div class='gallery-icon landscape'>\n\t\t\t\t<img loading=\"lazy\" decoding=\"async\" width=\"800\" height=\"800\" src=\"https:\/\/grupoehid.com.br\/wp-content\/uploads\/2024\/07\/Caderneta-S93492-1024x1024.jpg\" class=\"attachment-large size-large\" alt=\"\" srcset=\"https:\/\/grupoehid.com.br\/wp-content\/uploads\/2024\/07\/Caderneta-S93492-1024x1024.jpg 1024w, https:\/\/grupoehid.com.br\/wp-content\/uploads\/2024\/07\/Caderneta-S93492-300x300.jpg 300w, https:\/\/grupoehid.com.br\/wp-content\/uploads\/2024\/07\/Caderneta-S93492-150x150.jpg 150w, https:\/\/grupoehid.com.br\/wp-content\/uploads\/2024\/07\/Caderneta-S93492-768x768.jpg 768w, https:\/\/grupoehid.com.br\/wp-content\/uploads\/2024\/07\/Caderneta-S93492-1536x1536.jpg 1536w, https:\/\/grupoehid.com.br\/wp-content\/uploads\/2024\/07\/Caderneta-S93492-2048x2048.jpg 2048w\" sizes=\"(max-width: 800px) 100vw, 800px\" \/>\n\t\t\t<\/div><\/figure><figure class='gallery-item'>\n\t\t\t<div class='gallery-icon landscape'>\n\t\t\t\t<img loading=\"lazy\" decoding=\"async\" width=\"800\" height=\"800\" src=\"https:\/\/grupoehid.com.br\/wp-content\/uploads\/2024\/07\/Bloco-05064-1024x1024.jpg\" class=\"attachment-large size-large\" alt=\"\" srcset=\"https:\/\/grupoehid.com.br\/wp-content\/uploads\/2024\/07\/Bloco-05064-1024x1024.jpg 1024w, https:\/\/grupoehid.com.br\/wp-content\/uploads\/2024\/07\/Bloco-05064-300x300.jpg 300w, https:\/\/grupoehid.com.br\/wp-content\/uploads\/2024\/07\/Bloco-05064-150x150.jpg 150w, https:\/\/grupoehid.com.br\/wp-content\/uploads\/2024\/07\/Bloco-05064-768x768.jpg 768w, https:\/\/grupoehid.com.br\/wp-content\/uploads\/2024\/07\/Bloco-05064-1536x1536.jpg 1536w, https:\/\/grupoehid.com.br\/wp-content\/uploads\/2024\/07\/Bloco-05064-2048x2048.jpg 2048w\" sizes=\"(max-width: 800px) 100vw, 800px\" \/>\n\t\t\t<\/div><\/figure><figure class='gallery-item'>\n\t\t\t<div class='gallery-icon landscape'>\n\t\t\t\t<img loading=\"lazy\" decoding=\"async\" width=\"800\" height=\"800\" src=\"https:\/\/grupoehid.com.br\/wp-content\/uploads\/2024\/07\/Caderneta-X14838-1024x1024.jpg\" class=\"attachment-large size-large\" alt=\"\" srcset=\"https:\/\/grupoehid.com.br\/wp-content\/uploads\/2024\/07\/Caderneta-X14838-1024x1024.jpg 1024w, https:\/\/grupoehid.com.br\/wp-content\/uploads\/2024\/07\/Caderneta-X14838-300x300.jpg 300w, https:\/\/grupoehid.com.br\/wp-content\/uploads\/2024\/07\/Caderneta-X14838-150x150.jpg 150w, https:\/\/grupoehid.com.br\/wp-content\/uploads\/2024\/07\/Caderneta-X14838-768x768.jpg 768w, https:\/\/grupoehid.com.br\/wp-content\/uploads\/2024\/07\/Caderneta-X14838-1536x1536.jpg 1536w, https:\/\/grupoehid.com.br\/wp-content\/uploads\/2024\/07\/Caderneta-X14838-2048x2048.jpg 2048w\" sizes=\"(max-width: 800px) 100vw, 800px\" \/>\n\t\t\t<\/div><\/figure><figure class='gallery-item'>\n\t\t\t<div class='gallery-icon landscape'>\n\t\t\t\t<img loading=\"lazy\" decoding=\"async\" width=\"800\" height=\"452\" src=\"https:\/\/grupoehid.com.br\/wp-content\/uploads\/2024\/07\/Caderneta-X11195-1024x579.jpg\" class=\"attachment-large size-large\" alt=\"\" srcset=\"https:\/\/grupoehid.com.br\/wp-content\/uploads\/2024\/07\/Caderneta-X11195-1024x579.jpg 1024w, https:\/\/grupoehid.com.br\/wp-content\/uploads\/2024\/07\/Caderneta-X11195-300x170.jpg 300w, https:\/\/grupoehid.com.br\/wp-content\/uploads\/2024\/07\/Caderneta-X11195-768x434.jpg 768w, https:\/\/grupoehid.com.br\/wp-content\/uploads\/2024\/07\/Caderneta-X11195-1536x868.jpg 1536w, https:\/\/grupoehid.com.br\/wp-content\/uploads\/2024\/07\/Caderneta-X11195-2048x1158.jpg 2048w\" sizes=\"(max-width: 800px) 100vw, 800px\" \/>\n\t\t\t<\/div><\/figure>\n\t\t<\/div>\n\t\t<\/div>\n\t\t\t\t<\/div>\n\t\t\t\t<\/div>\n\t\t\t\t\t<\/div>\n\t\t\t\t<\/div>\n\t\t<div class=\"elementor-element elementor-element-3845a34 e-flex e-con-boxed e-con e-parent\" data-id=\"3845a34\" data-element_type=\"container\" data-settings=\"{&quot;content_width&quot;:&quot;boxed&quot;}\" data-core-v316-plus=\"true\">\n\t\t\t\t\t<div class=\"e-con-inner\">\n\t\t\t\t<div class=\"elementor-element elementor-element-32df03a elementor-align-center elementor-widget elementor-widget-button\" data-id=\"32df03a\" data-element_type=\"widget\" data-widget_type=\"button.default\">\n\t\t\t\t<div class=\"elementor-widget-container\">\n\t\t\t\t\t<div class=\"elementor-button-wrapper\">\n\t\t\t<a class=\"elementor-button elementor-button-link elementor-size-lg\" href=\"http:\/\/wa.me\/+5511989912435\">\n\t\t\t\t\t\t<span class=\"elementor-button-content-wrapper\">\n\t\t\t\t\t\t<span class=\"elementor-button-text\">Quero Comprar<\/span>\n\t\t<\/span>\n\t\t\t\t\t<\/a>\n\t\t<\/div>\n\t\t\t\t<\/div>\n\t\t\t\t<\/div>\n\t\t\t\t\t<\/div>\n\t\t\t\t<\/div>\n\t\t\t\t\t\t\t<\/div>\n\t\t","protected":false},"excerpt":{"rendered":"<p>Blocos, Cadernos e Afins Todos os valores apresentados s\u00e3o unit\u00e1rios de acordo com a quantidade escolhida. Produtos sujeitos a disponibilidade em estoque. Pre\u00e7os podem sofrer altera\u00e7\u00f5es sem pr\u00e9vio aviso. Quero Comprar<\/p>\n","protected":false},"author":1,"featured_media":0,"parent":0,"menu_order":0,"comment_status":"closed","ping_status":"closed","template":"elementor_header_footer","meta":{"footnotes":""},"_links":{"self":[{"href":"https:\/\/grupoehid.com.br\/index.php?rest_route=\/wp\/v2\/pages\/155"}],"collection":[{"href":"https:\/\/grupoehid.com.br\/index.php?rest_route=\/wp\/v2\/pages"}],"about":[{"href":"https:\/\/grupoehid.com.br\/index.php?rest_route=\/wp\/v2\/types\/page"}],"author":[{"embeddable":true,"href":"https:\/\/grupoehid.com.br\/index.php?rest_route=\/wp\/v2\/users\/1"}],"replies":[{"embeddable":true,"href":"https:\/\/grupoehid.com.br\/index.php?rest_route=%2Fwp%2Fv2%2Fcomments&post=155"}],"version-history":[{"count":16,"href":"https:\/\/grupoehid.com.br\/index.php?rest_route=\/wp\/v2\/pages\/155\/revisions"}],"predecessor-version":[{"id":184,"href":"https:\/\/grupoehid.com.br\/index.php?rest_route=\/wp\/v2\/pages\/155\/revisions\/184"}],"wp:attachment":[{"href":"https:\/\/grupoehid.com.br\/index.php?rest_route=%2Fwp%2Fv2%2Fmedia&parent=155"}],"curies":[{"name":"wp","href":"https:\/\/api.w.org\/{rel}","templated":true}]}}